{"id":431,"date":"2026-01-08T10:33:47","date_gmt":"2026-01-08T10:33:47","guid":{"rendered":"https:\/\/restaurantesalarte.com\/legal-notice\/"},"modified":"2026-01-08T12:04:40","modified_gmt":"2026-01-08T12:04:40","slug":"legal-notice","status":"publish","type":"page","link":"https:\/\/restaurantesalarte.com\/en\/legal-notice\/","title":{"rendered":"Legal Notice"},"content":{"rendered":"\t\t<div data-elementor-type=\"wp-page\" data-elementor-id=\"431\" class=\"elementor elementor-431 elementor-410\">\n\t\t\t\t<div class=\"elementor-element elementor-element-b7a3eab e-flex e-con-boxed e-con e-parent\" data-id=\"b7a3eab\" data-element_type=\"container\" data-settings=\"{&quot;background_background&quot;:&quot;classic&quot;}\">\n\t\t\t\t\t<div class=\"e-con-inner\">\n\t\t\t\t\t<\/div>\n\t\t\t\t<\/div>\n\t\t<div class=\"elementor-element elementor-element-3782c777 e-flex e-con-boxed e-con e-parent\" data-id=\"3782c777\" data-element_type=\"container\">\n\t\t\t\t\t<div class=\"e-con-inner\">\n\t\t\t\t<div class=\"elementor-element elementor-element-2ec897f4 elementor-widget elementor-widget-heading\" data-id=\"2ec897f4\" data-element_type=\"widget\" data-widget_type=\"heading.default\">\n\t\t\t\t\t<h1 class=\"elementor-heading-title elementor-size-default\">Legal Notice<\/h1>\t\t\t\t<\/div>\n\t\t\t\t<div class=\"elementor-element elementor-element-37ea432a elementor-widget elementor-widget-text-editor\" data-id=\"37ea432a\" data-element_type=\"widget\" data-widget_type=\"text-editor.default\">\n\t\t\t\t\t\t\t\t\t<section id=\"aviso-legal\">\n  <h1>Legal Notice<\/h1>\n\n  <p>In compliance with the duty of information set out in Law 34\/2002, of 11 July, on Information Society Services and Electronic Commerce (LSSI-CE), the identifying details of the owner of this website are provided below.<\/p>\n\n  <h2>1. Identification details<\/h2>\n  <ul>\n    <li><strong>Owner<\/strong>: Restaurante Salarte<\/li>\n    <li><strong>Tax ID <\/strong>(NIF): 27389012Z<\/li>\n    <li><strong>Registered address:<\/strong> C. Tomillo de la Torre, 29651, Mijas, M\u00e1laga, Spain<\/li>\n    <li><strong>Telephone: <\/strong>+34 658 802 686<\/li>\n  <\/ul>\n\n  <h2>2. Purpose<\/h2>\n  <p>This Legal Notice governs access to, navigation and use of the Restaurante Salarte website, as well as the responsibilities arising from the use of its contents, understood to include texts, graphics, images, designs, source code, software and any other elements included on the website.<\/p>\n\n  <h2>3. Terms of use<\/h2>\n  <p>Access to and use of this website grants the status of user, implying full and unreserved acceptance of all the provisions included in this Legal Notice from the moment the website is accessed.<\/p>\n  <p>The user undertakes to make appropriate use of the contents and services, in accordance with the law, good faith, public order and this Legal Notice, refraining from any unlawful use or any use that may be harmful to Restaurante Salarte or third parties.<\/p>\n\n  <h2>4. Intellectual and industrial property<\/h2>\n  <p>All contents of the website, including texts, photographs, images, logos, icons, graphic design, structure, source code and other elements, are the property of Restaurante Salarte or of third parties who have authorised their use, and are protected by current intellectual and industrial property legislation.<\/p>\n  <p>The reproduction, distribution, public communication or transformation of the contents, in whole or in part, without the express authorisation of the rights holder, is expressly prohibited.<\/p>\n\n  <h2>5. Liability<\/h2>\n  <p>Restaurante Salarte shall not be liable for any damages or losses that may arise from the use of the information contained on this website, nor for any errors or omissions in the contents, nor for any lack of availability of the website.<\/p>\n  <p>Likewise, it shall not be liable for any improper use that users may make of the website contents.<\/p>\n\n  <h2>6. External links<\/h2>\n  <p>Where this website contains links to third-party websites, Restaurante Salarte shall not exercise any control over such websites and their contents, nor shall it assume any liability for them or for any damages that may arise from access to or use thereof.<\/p>\n\n  <h2>7. Data protection<\/h2>\n  <p>The processing of users\u2019 personal data shall be governed by the provisions of the website\u2019s Privacy Policy, which users may consult in the corresponding section.<\/p>\n\n  <h2>8. Applicable law and jurisdiction<\/h2>\n  <p>El presente Aviso Legal se rige \u00edntegramente por la legislaci\u00f3n espa\u00f1ola. Para la resoluci\u00f3n de cualquier conflicto o controversia que pudiera derivarse del acceso o uso del sitio web, las partes se someten a los juzgados y tribunales que correspondan conforme a la normativa vigente. <\/p>\n<\/section>\n\t\t\t\t\t\t\t\t<\/div>\n\t\t\t\t\t<\/div>\n\t\t\t\t<\/div>\n\t\t\t\t<\/div>\n\t\t","protected":false},"excerpt":{"rendered":"<p>Legal Notice Legal Notice In compliance with the duty of information set out in Law 34\/2002, of 11 July, on Information Society Services and Electronic Commerce (LSSI-CE), the identifying details of the owner of this website are provided below. 1. Identification details Owner: Restaurante Salarte Tax ID (NIF): 27389012Z Registered address: C. Tomillo de la [&hellip;]<\/p>\n","protected":false},"author":1,"featured_media":0,"parent":0,"menu_order":0,"comment_status":"closed","ping_status":"closed","template":"","meta":{"footnotes":""},"class_list":["post-431","page","type-page","status-publish","hentry"],"yoast_head":"<!-- This site is optimized with the Yoast SEO plugin v26.6 - https:\/\/yoast.com\/wordpress\/plugins\/seo\/ -->\n<title>Legal Notice - Restaurante Salarte<\/title>\n<meta name=\"robots\" content=\"index, follow, max-snippet:-1, max-image-preview:large, max-video-preview:-1\" \/>\n<link rel=\"canonical\" href=\"https:\/\/restaurantesalarte.com\/en\/legal-notice\/\" \/>\n<meta property=\"og:locale\" content=\"en_US\" \/>\n<meta property=\"og:type\" content=\"article\" \/>\n<meta property=\"og:title\" content=\"Legal Notice - Restaurante Salarte\" \/>\n<meta property=\"og:description\" content=\"Legal Notice Legal Notice In compliance with the duty of information set out in Law 34\/2002, of 11 July, on Information Society Services and Electronic Commerce (LSSI-CE), the identifying details of the owner of this website are provided below. 1. Identification details Owner: Restaurante Salarte Tax ID (NIF): 27389012Z Registered address: C. Tomillo de la [&hellip;]\" \/>\n<meta property=\"og:url\" content=\"https:\/\/restaurantesalarte.com\/en\/legal-notice\/\" \/>\n<meta property=\"og:site_name\" content=\"Restaurante Salarte\" \/>\n<meta property=\"article:modified_time\" content=\"2026-01-08T12:04:40+00:00\" \/>\n<meta name=\"twitter:card\" content=\"summary_large_image\" \/>\n<meta name=\"twitter:label1\" content=\"Est. reading time\" \/>\n\t<meta name=\"twitter:data1\" content=\"2 minutes\" \/>\n<script type=\"application\/ld+json\" class=\"yoast-schema-graph\">{\"@context\":\"https:\/\/schema.org\",\"@graph\":[{\"@type\":\"WebPage\",\"@id\":\"https:\/\/restaurantesalarte.com\/en\/legal-notice\/\",\"url\":\"https:\/\/restaurantesalarte.com\/en\/legal-notice\/\",\"name\":\"Legal Notice - Restaurante Salarte\",\"isPartOf\":{\"@id\":\"https:\/\/restaurantesalarte.com\/en\/#website\"},\"datePublished\":\"2026-01-08T10:33:47+00:00\",\"dateModified\":\"2026-01-08T12:04:40+00:00\",\"breadcrumb\":{\"@id\":\"https:\/\/restaurantesalarte.com\/en\/legal-notice\/#breadcrumb\"},\"inLanguage\":\"en-US\",\"potentialAction\":[{\"@type\":\"ReadAction\",\"target\":[\"https:\/\/restaurantesalarte.com\/en\/legal-notice\/\"]}]},{\"@type\":\"BreadcrumbList\",\"@id\":\"https:\/\/restaurantesalarte.com\/en\/legal-notice\/#breadcrumb\",\"itemListElement\":[{\"@type\":\"ListItem\",\"position\":1,\"name\":\"Portada\",\"item\":\"https:\/\/restaurantesalarte.com\/en\/\"},{\"@type\":\"ListItem\",\"position\":2,\"name\":\"Legal Notice\"}]},{\"@type\":\"WebSite\",\"@id\":\"https:\/\/restaurantesalarte.com\/en\/#website\",\"url\":\"https:\/\/restaurantesalarte.com\/en\/\",\"name\":\"Restaurante Salarte\",\"description\":\"\",\"potentialAction\":[{\"@type\":\"SearchAction\",\"target\":{\"@type\":\"EntryPoint\",\"urlTemplate\":\"https:\/\/restaurantesalarte.com\/en\/?s={search_term_string}\"},\"query-input\":{\"@type\":\"PropertyValueSpecification\",\"valueRequired\":true,\"valueName\":\"search_term_string\"}}],\"inLanguage\":\"en-US\"}]}<\/script>\n<!-- \/ Yoast SEO plugin. -->","yoast_head_json":{"title":"Legal Notice - Restaurante Salarte","robots":{"index":"index","follow":"follow","max-snippet":"max-snippet:-1","max-image-preview":"max-image-preview:large","max-video-preview":"max-video-preview:-1"},"canonical":"https:\/\/restaurantesalarte.com\/en\/legal-notice\/","og_locale":"en_US","og_type":"article","og_title":"Legal Notice - Restaurante Salarte","og_description":"Legal Notice Legal Notice In compliance with the duty of information set out in Law 34\/2002, of 11 July, on Information Society Services and Electronic Commerce (LSSI-CE), the identifying details of the owner of this website are provided below. 1. Identification details Owner: Restaurante Salarte Tax ID (NIF): 27389012Z Registered address: C. Tomillo de la [&hellip;]","og_url":"https:\/\/restaurantesalarte.com\/en\/legal-notice\/","og_site_name":"Restaurante Salarte","article_modified_time":"2026-01-08T12:04:40+00:00","twitter_card":"summary_large_image","twitter_misc":{"Est. reading time":"2 minutes"},"schema":{"@context":"https:\/\/schema.org","@graph":[{"@type":"WebPage","@id":"https:\/\/restaurantesalarte.com\/en\/legal-notice\/","url":"https:\/\/restaurantesalarte.com\/en\/legal-notice\/","name":"Legal Notice - Restaurante Salarte","isPartOf":{"@id":"https:\/\/restaurantesalarte.com\/en\/#website"},"datePublished":"2026-01-08T10:33:47+00:00","dateModified":"2026-01-08T12:04:40+00:00","breadcrumb":{"@id":"https:\/\/restaurantesalarte.com\/en\/legal-notice\/#breadcrumb"},"inLanguage":"en-US","potentialAction":[{"@type":"ReadAction","target":["https:\/\/restaurantesalarte.com\/en\/legal-notice\/"]}]},{"@type":"BreadcrumbList","@id":"https:\/\/restaurantesalarte.com\/en\/legal-notice\/#breadcrumb","itemListElement":[{"@type":"ListItem","position":1,"name":"Portada","item":"https:\/\/restaurantesalarte.com\/en\/"},{"@type":"ListItem","position":2,"name":"Legal Notice"}]},{"@type":"WebSite","@id":"https:\/\/restaurantesalarte.com\/en\/#website","url":"https:\/\/restaurantesalarte.com\/en\/","name":"Restaurante Salarte","description":"","potentialAction":[{"@type":"SearchAction","target":{"@type":"EntryPoint","urlTemplate":"https:\/\/restaurantesalarte.com\/en\/?s={search_term_string}"},"query-input":{"@type":"PropertyValueSpecification","valueRequired":true,"valueName":"search_term_string"}}],"inLanguage":"en-US"}]}},"_links":{"self":[{"href":"https:\/\/restaurantesalarte.com\/en\/wp-json\/wp\/v2\/pages\/431","targetHints":{"allow":["GET"]}}],"collection":[{"href":"https:\/\/restaurantesalarte.com\/en\/wp-json\/wp\/v2\/pages"}],"about":[{"href":"https:\/\/restaurantesalarte.com\/en\/wp-json\/wp\/v2\/types\/page"}],"author":[{"embeddable":true,"href":"https:\/\/restaurantesalarte.com\/en\/wp-json\/wp\/v2\/users\/1"}],"replies":[{"embeddable":true,"href":"https:\/\/restaurantesalarte.com\/en\/wp-json\/wp\/v2\/comments?post=431"}],"version-history":[{"count":1,"href":"https:\/\/restaurantesalarte.com\/en\/wp-json\/wp\/v2\/pages\/431\/revisions"}],"predecessor-version":[{"id":432,"href":"https:\/\/restaurantesalarte.com\/en\/wp-json\/wp\/v2\/pages\/431\/revisions\/432"}],"wp:attachment":[{"href":"https:\/\/restaurantesalarte.com\/en\/wp-json\/wp\/v2\/media?parent=431"}],"curies":[{"name":"wp","href":"https:\/\/api.w.org\/{rel}","templated":true}]}}